{"id":62,"date":"2015-11-15T07:30:54","date_gmt":"2015-11-15T06:30:54","guid":{"rendered":"http:\/\/www.tiernothilfe-rotenburg.de\/blog\/?page_id=62"},"modified":"2025-08-13T16:06:58","modified_gmt":"2025-08-13T14:06:58","slug":"spenden","status":"publish","type":"page","link":"http:\/\/www.tiernothilfe-rotenburg.de\/blog\/spenden\/","title":{"rendered":"Spenden"},"content":{"rendered":"<p>Als gemeinn\u00fctziger Verein sind wir berechtigt Spendenbescheinigungen auszustellen. Wir freuen uns \u00fcber jede Spende.<br \/>\nWenn Sie etwas spenden m\u00f6chten, finden Sie in den Einkaufsm\u00e4rkten im Rotenburgcenter Edeka Lange und im Herkulesmarkt Bebra Spendenboxen der Tiernothilfe.<br \/>\n<a href=\"https:\/\/i0.wp.com\/www.tiernothilfe-rotenburg.de\/blog\/wp-content\/uploads\/2015\/11\/IMG-20170319-WA0002.jpg\"><img data-recalc-dims=\"1\" loading=\"lazy\" decoding=\"async\" data-attachment-id=\"425\" data-permalink=\"http:\/\/www.tiernothilfe-rotenburg.de\/blog\/spenden\/img-20170319-wa0002\/\" data-orig-file=\"https:\/\/i0.wp.com\/www.tiernothilfe-rotenburg.de\/blog\/wp-content\/uploads\/2015\/11\/IMG-20170319-WA0002.jpg?fit=720%2C960\" data-orig-size=\"720,960\" data-comments-opened=\"1\" data-image-meta=\"{&quot;aperture&quot;:&quot;0&quot;,&quot;credit&quot;:&quot;&quot;,&quot;camera&quot;:&quot;&quot;,&quot;caption&quot;:&quot;&quot;,&quot;created_timestamp&quot;:&quot;0&quot;,&quot;copyright&quot;:&quot;&quot;,&quot;focal_length&quot;:&quot;0&quot;,&quot;iso&quot;:&quot;0&quot;,&quot;shutter_speed&quot;:&quot;0&quot;,&quot;title&quot;:&quot;&quot;,&quot;orientation&quot;:&quot;0&quot;}\" data-image-title=\"IMG-20170319-WA0002\" data-image-description=\"\" data-image-caption=\"\" data-medium-file=\"https:\/\/i0.wp.com\/www.tiernothilfe-rotenburg.de\/blog\/wp-content\/uploads\/2015\/11\/IMG-20170319-WA0002.jpg?fit=225%2C300\" data-large-file=\"https:\/\/i0.wp.com\/www.tiernothilfe-rotenburg.de\/blog\/wp-content\/uploads\/2015\/11\/IMG-20170319-WA0002.jpg?fit=720%2C960\" class=\"alignnone size-medium wp-image-425\" src=\"https:\/\/i0.wp.com\/www.tiernothilfe-rotenburg.de\/blog\/wp-content\/uploads\/2015\/11\/IMG-20170319-WA0002.jpg?resize=225%2C300\" alt=\"\" width=\"225\" height=\"300\" srcset=\"https:\/\/i0.wp.com\/www.tiernothilfe-rotenburg.de\/blog\/wp-content\/uploads\/2015\/11\/IMG-20170319-WA0002.jpg?resize=225%2C300 225w, https:\/\/i0.wp.com\/www.tiernothilfe-rotenburg.de\/blog\/wp-content\/uploads\/2015\/11\/IMG-20170319-WA0002.jpg?w=720 720w\" sizes=\"(max-width: 225px) 100vw, 225px\" \/><\/a><\/p>\n<p>Gerne nehmen wir <strong>Geldspenden<\/strong> an:<\/p>\n<p>Bankverbindung: VR-Bankverein Bad Hersfeld-Rotenburg e. G.<br \/>\nIBAN: DE60 5139 0000 0030 9480 09<br \/>\nBIC: VBMHDE5F<\/p>\n<p>Alternativ kann auch \u00fcber PayPal gespendet werden:\u00a0<a href=\"http:\/\/paypal.me\/tiernothilferof\" target=\"_blank\" rel=\"noopener\">http:\/\/paypal.me\/tiernothilferof<\/a><\/p>\n<p>\u00dcber unsere Amazon-Wunschliste k\u00f6nnen Sie uns auch gerne direkt <strong>Sachspenden<\/strong> zukommen lassen: <a href=\"https:\/\/www.amazon.de\/hz\/wishlist\/ls\/15JH2R828H360?ref_=wl_share\">Amazon Wunschliste der Tiernothilfe<\/a><\/p>\n","protected":false},"excerpt":{"rendered":"<p>Als gemeinn\u00fctziger Verein sind wir berechtigt Spendenbescheinigungen auszustellen. Wir freuen uns \u00fcber jede Spende. Wenn Sie etwas spenden m\u00f6chten, finden Sie in den Einkaufsm\u00e4rkten im Rotenburgcenter Edeka Lange und im Herkulesmarkt Bebra Spendenboxen der Tiernothilfe. Gerne nehmen wir Geldspenden an:<\/p>\n","protected":false},"author":1,"featured_media":0,"parent":0,"menu_order":0,"comment_status":"closed","ping_status":"closed","template":"","meta":{"jetpack_post_was_ever_published":false,"footnotes":""},"class_list":["post-62","page","type-page","status-publish","hentry"],"jetpack_sharing_enabled":true,"jetpack_shortlink":"https:\/\/wp.me\/P82aJf-10","jetpack-related-posts":[],"jetpack_likes_enabled":false,"_links":{"self":[{"href":"http:\/\/www.tiernothilfe-rotenburg.de\/blog\/wp-json\/wp\/v2\/pages\/62"}],"collection":[{"href":"http:\/\/www.tiernothilfe-rotenburg.de\/blog\/wp-json\/wp\/v2\/pages"}],"about":[{"href":"http:\/\/www.tiernothilfe-rotenburg.de\/blog\/wp-json\/wp\/v2\/types\/page"}],"author":[{"embeddable":true,"href":"http:\/\/www.tiernothilfe-rotenburg.de\/blog\/wp-json\/wp\/v2\/users\/1"}],"replies":[{"embeddable":true,"href":"http:\/\/www.tiernothilfe-rotenburg.de\/blog\/wp-json\/wp\/v2\/comments?post=62"}],"version-history":[{"count":11,"href":"http:\/\/www.tiernothilfe-rotenburg.de\/blog\/wp-json\/wp\/v2\/pages\/62\/revisions"}],"predecessor-version":[{"id":2803,"href":"http:\/\/www.tiernothilfe-rotenburg.de\/blog\/wp-json\/wp\/v2\/pages\/62\/revisions\/2803"}],"wp:attachment":[{"href":"http:\/\/www.tiernothilfe-rotenburg.de\/blog\/wp-json\/wp\/v2\/media?parent=62"}],"curies":[{"name":"wp","href":"https:\/\/api.w.org\/{rel}","templated":true}]}}