{"id":53,"date":"2015-11-13T12:16:49","date_gmt":"2015-11-13T11:16:49","guid":{"rendered":"http:\/\/www.tiernothilfe-rotenburg.de\/blog\/?page_id=53"},"modified":"2021-08-28T10:55:35","modified_gmt":"2021-08-28T08:55:35","slug":"der-verein","status":"publish","type":"page","link":"http:\/\/www.tiernothilfe-rotenburg.de\/blog\/der-verein\/","title":{"rendered":"Der Verein"},"content":{"rendered":"<p>Die Tiernothilfe Rotenburg an der Fulda 1995 e.V. wurde im September 1995 gegr\u00fcndet und hat sich im M\u00e4rz 2015 neu aufgestellt mit dem Ziel, die Lebensbedingungen haupts\u00e4chlich von Haustieren Hunde, Katzen und Kleintieren in der Region zu verbessern.<\/p>\n<p>Dazu z\u00e4hlt vor allem, ausgesetzte Tiere zu retten, der Nachwuchsflut von streunenden Katzen durch Kastrationsaktionen zu wehren sowie das Elend verwahrloster, gequ\u00e4lter und missbrauchter Tiere zu bek\u00e4mpfen.<\/p>\n<p>Auf unseren Pflegestellen k\u00fcmmern wir uns mit aller Hingabe um die Tiere, damit sie ihr Vertrauen in die Menschen wieder gewinnen und in gute H\u00e4nde in ein neues Zuhause vermittelt werden k\u00f6nnen.<\/p>\n<p>F\u00fcr diese Arbeit brauchen wir viel Unterst\u00fctzung!<\/p>\n<p><strong>Gisela Menzel-Hoeft<\/strong><\/p>\n<ul>\n<li>Erste Vorsitzende<\/li>\n<li>Pflegestelle f\u00fcr Katzen seit 2015<\/li>\n<\/ul>\n<p><strong>Susanne Hoyer<\/strong><\/p>\n<ul>\n<li>seit 2015 Mitglied und zweite Vorsitzende<\/li>\n<li>Pflegestelle und Ansprechpartner f\u00fcr Katzen und Kleintiere<\/li>\n<\/ul>\n<p><strong>Gerda Uhlmann<\/strong><\/p>\n<ul>\n<li>seit 2015 Mitglied und Pressewart<\/li>\n<\/ul>\n<p><strong>Diana Grohnert<\/strong><\/p>\n<ul>\n<li>Mitglied seit 2018, zweite Beisitzerin<\/li>\n<li>Pflegestelle f\u00fcr Katzen<\/li>\n<\/ul>\n<p><strong>Christiane Reuter<\/strong><\/p>\n<ul>\n<li>Mitglied seit 2000, erste Beisitzerin<\/li>\n<\/ul>\n<p><strong>Heidi Hildebrandt<\/strong><\/p>\n<ul>\n<li>Mitglied seit 2020, Kassiererin<\/li>\n<\/ul>\n<p><strong>Christiane M\u00fcller<\/strong><\/p>\n<ul>\n<li>Mitglied seit 2000, Schriftf\u00fchrerin<\/li>\n<li>Pflegestelle und Ansprechpartner f\u00fcr Katzen und Kleintiere seit 2015<\/li>\n<\/ul>\n<table style=\"vertical-align: top; width: 100%; border: 0;\" cellspacing=\"0\" cellpadding=\"0\">\n<tbody>\n<tr>\n<td style=\"border: 0;\" width=\"60%\"><\/td>\n<td style=\"border: 0;\" width=\"40%\"><\/td>\n<\/tr>\n<tr>\n<td style=\"border: 0;\"><\/td>\n<td style=\"border: 0;\"><\/td>\n<\/tr>\n<tr>\n<td style=\"border: 0;\"><\/td>\n<td style=\"border: 0;\"><\/td>\n<\/tr>\n<tr>\n<td style=\"border: 0;\"><\/td>\n<\/tr>\n<tr>\n<td style=\"border: 0;\"><\/td>\n<td style=\"border: 0;\"><\/td>\n<\/tr>\n<tr>\n<td style=\"border: 0;\"><\/td>\n<td style=\"border: 0;\"><\/td>\n<\/tr>\n<tr>\n<td style=\"border: 0;\"><\/td>\n<td style=\"border: 0;\"><\/td>\n<\/tr>\n<\/tbody>\n<\/table>\n","protected":false},"excerpt":{"rendered":"<p>Die Tiernothilfe Rotenburg an der Fulda 1995 e.V. wurde im September 1995 gegr\u00fcndet und hat sich im M\u00e4rz 2015 neu aufgestellt mit dem Ziel, die Lebensbedingungen haupts\u00e4chlich von Haustieren Hunde, Katzen und Kleintieren in der Region zu verbessern. Dazu z\u00e4hlt<\/p>\n","protected":false},"author":1,"featured_media":0,"parent":0,"menu_order":0,"comment_status":"closed","ping_status":"closed","template":"","meta":{"jetpack_post_was_ever_published":false,"footnotes":""},"class_list":["post-53","page","type-page","status-publish","hentry"],"jetpack_sharing_enabled":true,"jetpack_shortlink":"https:\/\/wp.me\/P82aJf-R","jetpack-related-posts":[],"jetpack_likes_enabled":false,"_links":{"self":[{"href":"http:\/\/www.tiernothilfe-rotenburg.de\/blog\/wp-json\/wp\/v2\/pages\/53"}],"collection":[{"href":"http:\/\/www.tiernothilfe-rotenburg.de\/blog\/wp-json\/wp\/v2\/pages"}],"about":[{"href":"http:\/\/www.tiernothilfe-rotenburg.de\/blog\/wp-json\/wp\/v2\/types\/page"}],"author":[{"embeddable":true,"href":"http:\/\/www.tiernothilfe-rotenburg.de\/blog\/wp-json\/wp\/v2\/users\/1"}],"replies":[{"embeddable":true,"href":"http:\/\/www.tiernothilfe-rotenburg.de\/blog\/wp-json\/wp\/v2\/comments?post=53"}],"version-history":[{"count":25,"href":"http:\/\/www.tiernothilfe-rotenburg.de\/blog\/wp-json\/wp\/v2\/pages\/53\/revisions"}],"predecessor-version":[{"id":1888,"href":"http:\/\/www.tiernothilfe-rotenburg.de\/blog\/wp-json\/wp\/v2\/pages\/53\/revisions\/1888"}],"wp:attachment":[{"href":"http:\/\/www.tiernothilfe-rotenburg.de\/blog\/wp-json\/wp\/v2\/media?parent=53"}],"curies":[{"name":"wp","href":"https:\/\/api.w.org\/{rel}","templated":true}]}}