{"id":21,"date":"2015-11-13T09:49:54","date_gmt":"2015-11-13T08:49:54","guid":{"rendered":"http:\/\/www.tiernothilfe-rotenburg.de\/blog\/?page_id=21"},"modified":"2022-01-30T18:21:09","modified_gmt":"2022-01-30T17:21:09","slug":"bildseite-1","status":"publish","type":"page","link":"http:\/\/www.tiernothilfe-rotenburg.de\/blog\/bildseite-1\/","title":{"rendered":"Hilfe!"},"content":{"rendered":"<ul>\n<li>Susanne Hoyer Tel. 0157 55 58 08 46<\/li>\n<li>\u00a0Christiane M\u00fcller\u00a0 Tel. 0177 21 23 329<\/li>\n<\/ul>\n<p>* Melden Sie uns, wenn Sie hilfsbed\u00fcrftige Tiere in unserer Region entdecken!<\/p>\n<p>* Wir versuchen, immer einen Weg zur Hilfe zu finden.<\/p>\n<p>Bei Wildtieren, Reptilien oder \u00e4hnlichem k\u00f6nnen wir leider nicht direkt t\u00e4tig werden. In diesen F\u00e4llen arbeiten wir mit Experten vom Tierheim Bad Hersfeld, der Reptilienauffangstation Sontra oder dem Hessischen Forstamt zusammen. Gerne k\u00f6nnen Sie diese auch direkt kontaktieren:<\/p>\n<ul>\n<li>Reptilien: Reptilienauffangstation Sontra Tel.\u00a0 0160 99 66 33 29<\/li>\n<li>Wildtiere: Forstamt Rotenburg Tel. 06623 92 02 0<\/li>\n<\/ul>\n","protected":false},"excerpt":{"rendered":"<p>Haben Sie ein Tier das Hilfe ben\u00f6tigt?<br \/>\nHier k\u00f6nnen Sie uns erreichen.<\/p>\n","protected":false},"author":1,"featured_media":31,"parent":0,"menu_order":0,"comment_status":"closed","ping_status":"closed","template":"","meta":{"jetpack_post_was_ever_published":false,"footnotes":""},"class_list":["post-21","page","type-page","status-publish","has-post-thumbnail","hentry"],"jetpack_sharing_enabled":true,"jetpack_shortlink":"https:\/\/wp.me\/P82aJf-l","jetpack-related-posts":[],"jetpack_likes_enabled":false,"_links":{"self":[{"href":"http:\/\/www.tiernothilfe-rotenburg.de\/blog\/wp-json\/wp\/v2\/pages\/21"}],"collection":[{"href":"http:\/\/www.tiernothilfe-rotenburg.de\/blog\/wp-json\/wp\/v2\/pages"}],"about":[{"href":"http:\/\/www.tiernothilfe-rotenburg.de\/blog\/wp-json\/wp\/v2\/types\/page"}],"author":[{"embeddable":true,"href":"http:\/\/www.tiernothilfe-rotenburg.de\/blog\/wp-json\/wp\/v2\/users\/1"}],"replies":[{"embeddable":true,"href":"http:\/\/www.tiernothilfe-rotenburg.de\/blog\/wp-json\/wp\/v2\/comments?post=21"}],"version-history":[{"count":7,"href":"http:\/\/www.tiernothilfe-rotenburg.de\/blog\/wp-json\/wp\/v2\/pages\/21\/revisions"}],"predecessor-version":[{"id":2001,"href":"http:\/\/www.tiernothilfe-rotenburg.de\/blog\/wp-json\/wp\/v2\/pages\/21\/revisions\/2001"}],"wp:featuredmedia":[{"embeddable":true,"href":"http:\/\/www.tiernothilfe-rotenburg.de\/blog\/wp-json\/wp\/v2\/media\/31"}],"wp:attachment":[{"href":"http:\/\/www.tiernothilfe-rotenburg.de\/blog\/wp-json\/wp\/v2\/media?parent=21"}],"curies":[{"name":"wp","href":"https:\/\/api.w.org\/{rel}","templated":true}]}}